{"id":137,"date":"2020-06-18T09:32:40","date_gmt":"2020-06-18T07:32:40","guid":{"rendered":"http:\/\/zsp4.malbork.pl\/wordpress\/?page_id=137"},"modified":"2026-02-04T12:24:06","modified_gmt":"2026-02-04T11:24:06","slug":"kontakt","status":"publish","type":"page","link":"https:\/\/zstmalbork.pl\/wordpress\/kontakt\/","title":{"rendered":"Kontakt"},"content":{"rendered":"\n<p><\/p>\n\n\n\n<p><strong>Mapa:<\/strong><\/p>\n\n\n\n<figure><iframe src=\"https:\/\/www.google.com\/maps\/embed?pb=!1m18!1m12!1m3!1d2342.9222931536196!2d19.03289129999999!3d54.03964609999999!2m3!1f0!2f0!3f0!3m2!1i1024!2i768!4f13.1!3m3!1m2!1s0x46fd590ac193edb5%3A0xa78ea8ba10c9df18!2sPlac+Gabriela+Narutowicza+14!5e0!3m2!1spl!2spl!4v1400073783659\" width=\"600\" height=\"450\"><\/iframe><\/figure>\n\n\n\n<p><strong>Zesp\u00f3\u0142 Szk\u00f3\u0142 Technicznych w Malborku<\/strong><\/p>\n\n\n\n<p>Plac Gabriela Narutowicza 14<\/p>\n\n\n\n<p>82-200 Malbork<\/p>\n\n\n\n<p><strong>Sekretariat:<\/strong><\/p>\n\n\n\n<p>tel.: +48 55 647 34 34 lub +48 664 363 678<\/p>\n\n\n\n<p>@:&nbsp;<a href=\"mailto:zst@zstmalbork.pl\">zst@zstmalbork.pl<\/a><\/p>\n\n\n\n<p>www: <a href=\"http:\/\/zsp4.malbork.pl\">zstmalbork.pl<\/a><\/p>\n\n\n\n<ul class=\"wp-block-list\">\n<li><\/li>\n<\/ul>\n\n\n\n<p><\/p>\n\n\n\n<p><strong>Basen:<\/strong><\/p>\n\n\n\n<p>tel.: +48 663 922 239<\/p>\n\n\n\n<p><strong>Internat ZST<\/strong><\/p>\n\n\n\n<p>82-200 Malbork<\/p>\n\n\n\n<p>ul. Mazur\u00f3w 1<\/p>\n\n\n\n<p>tel.: +48 602 304 181<\/p>\n\n\n\n<p><strong>Kadry:<\/strong><\/p>\n\n\n\n<p>mgr Sabina Dolik<\/p>\n\n\n\n<p>tel.: +48 664 355 604<\/p>\n\n\n\n<p><strong>Ksi\u0119gowo\u015b\u0107:<\/strong><\/p>\n\n\n\n<p>tel.: +48 664 366 139<\/p>\n\n\n\n<p>Konto bankowe: Santander Bank: 37 1090 1098 0000 0001 5001 9594<\/p>\n\n\n\n<p><strong>Dyrektor szko\u0142y:<\/strong><\/p>\n\n\n\n<p>mgr Roman Klofczy\u0144ski<\/p>\n\n\n\n<p>tel.: +48 886 957 388<\/p>\n\n\n\n<p><strong>Wicedyrektorzy:<\/strong><\/p>\n\n\n\n<p>mgr Ma\u0142gorzata Jaworska-Kie\u0142b<\/p>\n\n\n\n<p>tel.: + 48 602 327 445<\/p>\n\n\n\n<p>mgr Grzegorz Naklicki<\/p>\n\n\n\n<p>tel.: +48 886 957 244<\/p>\n\n\n\n<p><\/p>\n\n\n\n<p><strong>Kierownik kszta\u0142cenia praktycznego:<\/strong><\/p>\n\n\n\n<p>dr in\u017c. Tomasz Olkowski<\/p>\n\n\n\n<p>tel.: +48 664 713 910<\/p>\n\n\n\n<p><strong>Kierownik gospodarczy szko\u0142y (oraz kontakt w sprawie przetarg\u00f3w)<\/strong>:<\/p>\n\n\n\n<p>mgr in\u017c. Joanna Legawiec<\/p>\n\n\n\n<p>tel.: +48 664 372 539<\/p>\n\n\n\n<p>@: joanna.legawiec@zstmalbork.pl<\/p>\n\n\n\n<p><strong>Pedagog szkolny<\/strong><\/p>\n\n\n\n<p>mgr Rosita Kuli\u0144ska \/ mgr Agata Polska<\/p>\n\n\n\n<p>tel.: +48 664 358 329<\/p>\n\n\n\n<p><strong>Pedagog specjalny<\/strong>:<\/p>\n\n\n\n<p>mgr Agata Kiero\u0144czyk<\/p>\n\n\n\n<p>tel.: +48 664 374 768<\/p>\n\n\n\n<p><strong>Psycholog szkolny:<\/strong><\/p>\n\n\n\n<p>mgr Katarzyna Ciok<\/p>\n\n\n\n<p>tel.: +48 664 378 860<\/p>\n","protected":false},"excerpt":{"rendered":"<p>Mapa: Zesp\u00f3\u0142 Szk\u00f3\u0142 Technicznych w Malborku Plac Gabriela Narutowicza 14 82-200 Malbork Sekretariat: tel.: +48 55 647 34<\/p>\n","protected":false},"author":4,"featured_media":0,"parent":0,"menu_order":0,"comment_status":"closed","ping_status":"closed","template":"","meta":{"footnotes":""},"class_list":["post-137","page","type-page","status-publish","hentry"],"_links":{"self":[{"href":"https:\/\/zstmalbork.pl\/wordpress\/wp-json\/wp\/v2\/pages\/137","targetHints":{"allow":["GET"]}}],"collection":[{"href":"https:\/\/zstmalbork.pl\/wordpress\/wp-json\/wp\/v2\/pages"}],"about":[{"href":"https:\/\/zstmalbork.pl\/wordpress\/wp-json\/wp\/v2\/types\/page"}],"author":[{"embeddable":true,"href":"https:\/\/zstmalbork.pl\/wordpress\/wp-json\/wp\/v2\/users\/4"}],"replies":[{"embeddable":true,"href":"https:\/\/zstmalbork.pl\/wordpress\/wp-json\/wp\/v2\/comments?post=137"}],"version-history":[{"count":23,"href":"https:\/\/zstmalbork.pl\/wordpress\/wp-json\/wp\/v2\/pages\/137\/revisions"}],"predecessor-version":[{"id":9104,"href":"https:\/\/zstmalbork.pl\/wordpress\/wp-json\/wp\/v2\/pages\/137\/revisions\/9104"}],"wp:attachment":[{"href":"https:\/\/zstmalbork.pl\/wordpress\/wp-json\/wp\/v2\/media?parent=137"}],"curies":[{"name":"wp","href":"https:\/\/api.w.org\/{rel}","templated":true}]}}