{"id":4894,"date":"2023-05-30T11:41:43","date_gmt":"2023-05-30T09:41:43","guid":{"rendered":"https:\/\/zsp4.malbork.pl\/wordpress\/?page_id=4894"},"modified":"2023-05-30T11:41:43","modified_gmt":"2023-05-30T09:41:43","slug":"nasze-kierunki-branzowa-szkola-ii-stopnia","status":"publish","type":"page","link":"https:\/\/zstmalbork.pl\/wordpress\/rekrutacja-2021\/nasze-kierunki\/nasze-kierunki-branzowa-szkola-ii-stopnia\/","title":{"rendered":"Nasze kierunki &#8211; Bran\u017cowa Szko\u0142a II Stopnia"},"content":{"rendered":"\n<ol class=\"wp-block-list\" type=\"1\">\n<li>Szko\u0142a przeznaczona jest dla absolwent\u00f3w bran\u017cowej szko\u0142y I stopnia w <strong>zawodach kucharz<\/strong> i <strong>fryzjer <\/strong>(nie ma mo\u017cliwo\u015bci przyj\u0119cia do niej absolwent\u00f3w w innych, nawet zbli\u017conych, zawodach).<\/li>\n\n\n\n<li>Warunkiem przyj\u0119cia jest dostarczenie \u015bwiadectwa uko\u0144czenia bran\u017cowej szko\u0142y I stopnia oraz za\u015bwiadczenia o zawodzie nauczanym w tej szkole (wystawione przez uko\u0144czon\u0105 bran\u017cow\u0105 szko\u0142\u0119 I stopnia).<\/li>\n\n\n\n<li>Nauka trwa 2 lata i ko\u0144czy si\u0119 egzaminem zawodowym, kt\u00f3ry umo\u017cliwia uzyskanie dyplomu technika w danym zawodzie (kucharz albo fryzjer). Absolwenci b\u0119d\u0105 mieli r\u00f3wnie\u017c mo\u017cliwo\u015b\u0107 przyst\u0105pienia do egzaminu maturalnego.<\/li>\n\n\n\n<li>Nauka odbywa\u0107 si\u0119 b\u0119dzie w formie stacjonarnej. Przedmioty og\u00f3lnokszta\u0142c\u0105ce realizowane b\u0119d\u0105 w Zespole Szk\u00f3\u0142 Technicznych w trybie dziennym przez trzy dni w tygodniu. Kszta\u0142cenie zawodowe (teoretyczne i praktyczne) odbywa\u0142o si\u0119 b\u0119dzie w Centrum Edukacji Zawodowej w Malborku w ci\u0105gu dw\u00f3ch dni tygodnia.<\/li>\n\n\n\n<li>W szkole obowi\u0105zuje jednolity ubi\u00f3r ucznia zgodnie z obowi\u0105zuj\u0105cym regulaminem.<\/li>\n\n\n\n<li>Dla uczni\u00f3w spoza Malborka jest mo\u017cliwo\u015b\u0107 skorzystania z internatu.<\/li>\n<\/ol>\n","protected":false},"excerpt":{"rendered":"","protected":false},"author":1,"featured_media":0,"parent":155,"menu_order":0,"comment_status":"closed","ping_status":"closed","template":"","meta":{"footnotes":""},"class_list":["post-4894","page","type-page","status-publish","hentry"],"_links":{"self":[{"href":"https:\/\/zstmalbork.pl\/wordpress\/wp-json\/wp\/v2\/pages\/4894","targetHints":{"allow":["GET"]}}],"collection":[{"href":"https:\/\/zstmalbork.pl\/wordpress\/wp-json\/wp\/v2\/pages"}],"about":[{"href":"https:\/\/zstmalbork.pl\/wordpress\/wp-json\/wp\/v2\/types\/page"}],"author":[{"embeddable":true,"href":"https:\/\/zstmalbork.pl\/wordpress\/wp-json\/wp\/v2\/users\/1"}],"replies":[{"embeddable":true,"href":"https:\/\/zstmalbork.pl\/wordpress\/wp-json\/wp\/v2\/comments?post=4894"}],"version-history":[{"count":1,"href":"https:\/\/zstmalbork.pl\/wordpress\/wp-json\/wp\/v2\/pages\/4894\/revisions"}],"predecessor-version":[{"id":4895,"href":"https:\/\/zstmalbork.pl\/wordpress\/wp-json\/wp\/v2\/pages\/4894\/revisions\/4895"}],"up":[{"embeddable":true,"href":"https:\/\/zstmalbork.pl\/wordpress\/wp-json\/wp\/v2\/pages\/155"}],"wp:attachment":[{"href":"https:\/\/zstmalbork.pl\/wordpress\/wp-json\/wp\/v2\/media?parent=4894"}],"curies":[{"name":"wp","href":"https:\/\/api.w.org\/{rel}","templated":true}]}}