{"id":5826,"date":"2024-02-11T16:36:52","date_gmt":"2024-02-11T15:36:52","guid":{"rendered":"https:\/\/zsp4.malbork.pl\/wordpress\/?page_id=5826"},"modified":"2024-03-04T11:14:25","modified_gmt":"2024-03-04T10:14:25","slug":"przedmiotowe-wymagania-edukacyjne","status":"publish","type":"page","link":"https:\/\/zstmalbork.pl\/wordpress\/przedmiotowe-wymagania-edukacyjne\/","title":{"rendered":"Przedmiotowe wymagania edukacyjne"},"content":{"rendered":"\n<p>Poni\u017cej zamieszczamy wykazy przedmiotowych wymaga\u0144 edukacyjnych obowi\u0105zuj\u0105cych w Zespole Szk\u00f3\u0142 Technicznych w Malborku.<\/p>\n\n\n\n<h2 class=\"wp-block-heading has-medium-font-size\">Zesp\u00f3\u0142 przedmiotowy nauczycieli j\u0119zyka polskiego<\/h2>\n\n\n\n<div class=\"wp-block-file\"><a id=\"wp-block-file--media-80c70a4f-a947-446d-b28e-56a10222f4ec\" href=\"https:\/\/zsp4.malbork.pl\/wordpress\/wp-content\/uploads\/2024\/03\/jezyk_polski.pdf\">jezyk_polski<\/a><a href=\"https:\/\/zsp4.malbork.pl\/wordpress\/wp-content\/uploads\/2024\/03\/jezyk_polski.pdf\" class=\"wp-block-file__button wp-element-button\" download aria-describedby=\"wp-block-file--media-80c70a4f-a947-446d-b28e-56a10222f4ec\">Pobierz<\/a><\/div>\n\n\n\n<p><\/p>\n\n\n\n<h2 class=\"wp-block-heading has-medium-font-size\">Zesp\u00f3\u0142 przedmiotowy nauczycieli matematyki, fizyki i informatyki<\/h2>\n\n\n\n<div class=\"wp-block-file\"><a id=\"wp-block-file--media-7d6b3c84-9c0f-4b29-a1cf-01e54c993bba\" href=\"https:\/\/zsp4.malbork.pl\/wordpress\/wp-content\/uploads\/2024\/03\/matematyka.pdf\">matematyka<\/a><a href=\"https:\/\/zsp4.malbork.pl\/wordpress\/wp-content\/uploads\/2024\/03\/matematyka.pdf\" class=\"wp-block-file__button wp-element-button\" download aria-describedby=\"wp-block-file--media-7d6b3c84-9c0f-4b29-a1cf-01e54c993bba\">Pobierz<\/a><\/div>\n\n\n\n<div class=\"wp-block-file\"><a id=\"wp-block-file--media-e233b819-7f2a-4b29-ae9b-12b9d8b90b2a\" href=\"https:\/\/zsp4.malbork.pl\/wordpress\/wp-content\/uploads\/2024\/03\/fizyka.pdf\">fizyka<\/a><a href=\"https:\/\/zsp4.malbork.pl\/wordpress\/wp-content\/uploads\/2024\/03\/fizyka.pdf\" class=\"wp-block-file__button wp-element-button\" download aria-describedby=\"wp-block-file--media-e233b819-7f2a-4b29-ae9b-12b9d8b90b2a\">Pobierz<\/a><\/div>\n\n\n\n<div class=\"wp-block-file\"><a id=\"wp-block-file--media-f3dd637c-9775-4119-a215-59c38cb9986f\" href=\"https:\/\/zsp4.malbork.pl\/wordpress\/wp-content\/uploads\/2024\/03\/informatyka.pdf\">informatyka<\/a><a href=\"https:\/\/zsp4.malbork.pl\/wordpress\/wp-content\/uploads\/2024\/03\/informatyka.pdf\" class=\"wp-block-file__button wp-element-button\" download aria-describedby=\"wp-block-file--media-f3dd637c-9775-4119-a215-59c38cb9986f\">Pobierz<\/a><\/div>\n\n\n\n<p><\/p>\n\n\n\n<h2 class=\"wp-block-heading has-medium-font-size\">Zesp\u00f3\u0142 przedmiotowy nauczycieli j\u0119zyk\u00f3w obcych<\/h2>\n\n\n\n<div class=\"wp-block-file\"><a id=\"wp-block-file--media-f6d14042-0de6-481e-8be7-aef54e81d89f\" href=\"https:\/\/zsp4.malbork.pl\/wordpress\/wp-content\/uploads\/2024\/03\/jezyki_obce.pdf\">jezyki_obce<\/a><a href=\"https:\/\/zsp4.malbork.pl\/wordpress\/wp-content\/uploads\/2024\/03\/jezyki_obce.pdf\" class=\"wp-block-file__button wp-element-button\" download aria-describedby=\"wp-block-file--media-f6d14042-0de6-481e-8be7-aef54e81d89f\">Pobierz<\/a><\/div>\n\n\n\n<p><\/p>\n\n\n\n<h2 class=\"wp-block-heading has-medium-font-size\">Zesp\u00f3\u0142 przedmiotowy nauczycieli przedmiot\u00f3w biologiczno-chemicznych<\/h2>\n\n\n\n<div class=\"wp-block-file\"><a id=\"wp-block-file--media-fcb2733e-3dae-4e26-9352-5dcc28c1cce0\" href=\"https:\/\/zsp4.malbork.pl\/wordpress\/wp-content\/uploads\/2024\/03\/biologia.pdf\">biologia<\/a><a href=\"https:\/\/zsp4.malbork.pl\/wordpress\/wp-content\/uploads\/2024\/03\/biologia.pdf\" class=\"wp-block-file__button wp-element-button\" download aria-describedby=\"wp-block-file--media-fcb2733e-3dae-4e26-9352-5dcc28c1cce0\">Pobierz<\/a><\/div>\n\n\n\n<div class=\"wp-block-file\"><a id=\"wp-block-file--media-b5ef52ed-019c-4938-a480-756fc2ed152e\" href=\"https:\/\/zsp4.malbork.pl\/wordpress\/wp-content\/uploads\/2024\/03\/chemia.pdf\">chemia<\/a><a href=\"https:\/\/zsp4.malbork.pl\/wordpress\/wp-content\/uploads\/2024\/03\/chemia.pdf\" class=\"wp-block-file__button wp-element-button\" download aria-describedby=\"wp-block-file--media-b5ef52ed-019c-4938-a480-756fc2ed152e\">Pobierz<\/a><\/div>\n\n\n\n<p><\/p>\n\n\n\n<h2 class=\"wp-block-heading has-medium-font-size\">Zesp\u00f3\u0142 przedmiotowy nauczycieli przedmiot\u00f3w mechanicznych<\/h2>\n\n\n\n<div class=\"wp-block-file\"><a id=\"wp-block-file--media-e2037ed7-3259-4901-aadc-ab419467559e\" href=\"https:\/\/zsp4.malbork.pl\/wordpress\/wp-content\/uploads\/2024\/03\/przedmioty_mechaniczne.pdf\">przedmioty_mechaniczne<\/a><a href=\"https:\/\/zsp4.malbork.pl\/wordpress\/wp-content\/uploads\/2024\/03\/przedmioty_mechaniczne.pdf\" class=\"wp-block-file__button wp-element-button\" download aria-describedby=\"wp-block-file--media-e2037ed7-3259-4901-aadc-ab419467559e\">Pobierz<\/a><\/div>\n\n\n\n<p><\/p>\n\n\n\n<h2 class=\"wp-block-heading has-medium-font-size\">Zesp\u00f3\u0142 przedmiotowy nauczycieli przedmiot\u00f3w elektrycznych i elektronicznych<\/h2>\n\n\n\n<div class=\"wp-block-file\"><a id=\"wp-block-file--media-f3ba4184-0062-4f80-9451-f1b8fc506c4b\" href=\"https:\/\/zsp4.malbork.pl\/wordpress\/wp-content\/uploads\/2024\/03\/przemioty_elektryczne_elektroniczne.pdf\">przemioty_elektryczne_elektroniczne<\/a><a href=\"https:\/\/zsp4.malbork.pl\/wordpress\/wp-content\/uploads\/2024\/03\/przemioty_elektryczne_elektroniczne.pdf\" class=\"wp-block-file__button wp-element-button\" download aria-describedby=\"wp-block-file--media-f3ba4184-0062-4f80-9451-f1b8fc506c4b\">Pobierz<\/a><\/div>\n\n\n\n<p><\/p>\n\n\n\n<h2 class=\"wp-block-heading has-medium-font-size\">Przedmioty us\u0142ugowe<\/h2>\n\n\n\n<div class=\"wp-block-file\"><a id=\"wp-block-file--media-d3be07c1-77e6-4ba5-bd67-8ae5780adb6b\" href=\"https:\/\/zsp4.malbork.pl\/wordpress\/wp-content\/uploads\/2024\/03\/przedmioty_uslugowe.pdf\">przedmioty_uslugowe<\/a><a href=\"https:\/\/zsp4.malbork.pl\/wordpress\/wp-content\/uploads\/2024\/03\/przedmioty_uslugowe.pdf\" class=\"wp-block-file__button wp-element-button\" download aria-describedby=\"wp-block-file--media-d3be07c1-77e6-4ba5-bd67-8ae5780adb6b\">Pobierz<\/a><\/div>\n\n\n\n<p><\/p>\n\n\n\n<h2 class=\"wp-block-heading has-medium-font-size\">Przedmioty ekonomiczne<\/h2>\n\n\n\n<div class=\"wp-block-file\"><a id=\"wp-block-file--media-0aa8591c-1dba-443e-b213-d6ffa5b973ca\" href=\"https:\/\/zsp4.malbork.pl\/wordpress\/wp-content\/uploads\/2024\/03\/biznes_i_zarzadzanie.pdf\">biznes_i_zarzadzanie<\/a><a href=\"https:\/\/zsp4.malbork.pl\/wordpress\/wp-content\/uploads\/2024\/03\/biznes_i_zarzadzanie.pdf\" class=\"wp-block-file__button wp-element-button\" download aria-describedby=\"wp-block-file--media-0aa8591c-1dba-443e-b213-d6ffa5b973ca\">Pobierz<\/a><\/div>\n\n\n\n<div class=\"wp-block-file\"><a id=\"wp-block-file--media-d934392f-cfd9-49b1-9ece-8d374b271f52\" href=\"https:\/\/zsp4.malbork.pl\/wordpress\/wp-content\/uploads\/2024\/03\/podstawy_przedsiebiorczosci.pdf\">podstawy_przedsiebiorczosci<\/a><a href=\"https:\/\/zsp4.malbork.pl\/wordpress\/wp-content\/uploads\/2024\/03\/podstawy_przedsiebiorczosci.pdf\" class=\"wp-block-file__button wp-element-button\" download aria-describedby=\"wp-block-file--media-d934392f-cfd9-49b1-9ece-8d374b271f52\">Pobierz<\/a><\/div>\n\n\n\n<p><\/p>\n\n\n\n<h2 class=\"wp-block-heading has-medium-font-size\">Wychowanie fizyczne<\/h2>\n\n\n\n<div class=\"wp-block-file\"><a id=\"wp-block-file--media-1baab483-fc0e-48e7-bb61-0bdda27e9d84\" href=\"https:\/\/zsp4.malbork.pl\/wordpress\/wp-content\/uploads\/2024\/03\/wychowanie_fizyczne.pdf\">wychowanie_fizyczne<\/a><a href=\"https:\/\/zsp4.malbork.pl\/wordpress\/wp-content\/uploads\/2024\/03\/wychowanie_fizyczne.pdf\" class=\"wp-block-file__button wp-element-button\" download aria-describedby=\"wp-block-file--media-1baab483-fc0e-48e7-bb61-0bdda27e9d84\">Pobierz<\/a><\/div>\n\n\n\n<p><\/p>\n\n\n\n<h2 class=\"wp-block-heading has-medium-font-size\">Edukacja dla bezpiecze\u0144stwa<\/h2>\n\n\n\n<div class=\"wp-block-file\"><a id=\"wp-block-file--media-d995619b-3086-4bd7-a424-095cae3abce3\" href=\"https:\/\/zsp4.malbork.pl\/wordpress\/wp-content\/uploads\/2024\/03\/edb.pdf\">edb<\/a><a href=\"https:\/\/zsp4.malbork.pl\/wordpress\/wp-content\/uploads\/2024\/03\/edb.pdf\" class=\"wp-block-file__button wp-element-button\" download aria-describedby=\"wp-block-file--media-d995619b-3086-4bd7-a424-095cae3abce3\">Pobierz<\/a><\/div>\n\n\n\n<p><\/p>\n\n\n\n<h2 class=\"wp-block-heading has-medium-font-size\">Historia i WOS<\/h2>\n\n\n\n<div class=\"wp-block-file\"><a id=\"wp-block-file--media-9f895217-5d5c-4562-ac17-188e99b5b486\" href=\"https:\/\/zsp4.malbork.pl\/wordpress\/wp-content\/uploads\/2024\/03\/historia_wos.pdf\">historia_wos<\/a><a href=\"https:\/\/zsp4.malbork.pl\/wordpress\/wp-content\/uploads\/2024\/03\/historia_wos.pdf\" class=\"wp-block-file__button wp-element-button\" download aria-describedby=\"wp-block-file--media-9f895217-5d5c-4562-ac17-188e99b5b486\">Pobierz<\/a><\/div>\n\n\n\n<p><\/p>\n\n\n\n<h2 class=\"wp-block-heading has-medium-font-size\">Geografia<\/h2>\n\n\n\n<div class=\"wp-block-file\"><a id=\"wp-block-file--media-258e5c6b-264d-4bfb-9add-2e0a38df4974\" href=\"https:\/\/zsp4.malbork.pl\/wordpress\/wp-content\/uploads\/2024\/03\/geografia.pdf\">geografia<\/a><a href=\"https:\/\/zsp4.malbork.pl\/wordpress\/wp-content\/uploads\/2024\/03\/geografia.pdf\" class=\"wp-block-file__button wp-element-button\" download aria-describedby=\"wp-block-file--media-258e5c6b-264d-4bfb-9add-2e0a38df4974\">Pobierz<\/a><\/div>\n\n\n\n<p><\/p>\n\n\n\n<h2 class=\"wp-block-heading has-medium-font-size\">Religia<\/h2>\n\n\n\n<div class=\"wp-block-file\"><a id=\"wp-block-file--media-679a0d7c-a0d6-4169-8e01-134c838dca2b\" href=\"https:\/\/zsp4.malbork.pl\/wordpress\/wp-content\/uploads\/2024\/03\/religia.pdf\">religia<\/a><a href=\"https:\/\/zsp4.malbork.pl\/wordpress\/wp-content\/uploads\/2024\/03\/religia.pdf\" class=\"wp-block-file__button wp-element-button\" download aria-describedby=\"wp-block-file--media-679a0d7c-a0d6-4169-8e01-134c838dca2b\">Pobierz<\/a><\/div>\n","protected":false},"excerpt":{"rendered":"<p>Poni\u017cej zamieszczamy wykazy przedmiotowych wymaga\u0144 edukacyjnych obowi\u0105zuj\u0105cych w Zespole Szk\u00f3\u0142 Technicznych w Malborku. Zesp\u00f3\u0142 przedmiotowy nauczycieli j\u0119zyka polskiego<\/p>\n","protected":false},"author":1,"featured_media":0,"parent":0,"menu_order":0,"comment_status":"closed","ping_status":"closed","template":"","meta":{"footnotes":""},"class_list":["post-5826","page","type-page","status-publish","hentry"],"_links":{"self":[{"href":"https:\/\/zstmalbork.pl\/wordpress\/wp-json\/wp\/v2\/pages\/5826","targetHints":{"allow":["GET"]}}],"collection":[{"href":"https:\/\/zstmalbork.pl\/wordpress\/wp-json\/wp\/v2\/pages"}],"about":[{"href":"https:\/\/zstmalbork.pl\/wordpress\/wp-json\/wp\/v2\/types\/page"}],"author":[{"embeddable":true,"href":"https:\/\/zstmalbork.pl\/wordpress\/wp-json\/wp\/v2\/users\/1"}],"replies":[{"embeddable":true,"href":"https:\/\/zstmalbork.pl\/wordpress\/wp-json\/wp\/v2\/comments?post=5826"}],"version-history":[{"count":3,"href":"https:\/\/zstmalbork.pl\/wordpress\/wp-json\/wp\/v2\/pages\/5826\/revisions"}],"predecessor-version":[{"id":5940,"href":"https:\/\/zstmalbork.pl\/wordpress\/wp-json\/wp\/v2\/pages\/5826\/revisions\/5940"}],"wp:attachment":[{"href":"https:\/\/zstmalbork.pl\/wordpress\/wp-json\/wp\/v2\/media?parent=5826"}],"curies":[{"name":"wp","href":"https:\/\/api.w.org\/{rel}","templated":true}]}}