{"id":9409,"date":"2026-05-11T09:44:02","date_gmt":"2026-05-11T07:44:02","guid":{"rendered":"https:\/\/zstmalbork.pl\/wordpress\/?page_id=9409"},"modified":"2026-05-11T09:46:33","modified_gmt":"2026-05-11T07:46:33","slug":"warsztaty-w-szkole-lacinskiej-nabor","status":"publish","type":"page","link":"https:\/\/zstmalbork.pl\/wordpress\/warsztaty-w-szkole-lacinskiej-nabor\/","title":{"rendered":"Warsztaty w Szkole \u0141aci\u0144skiej &#8211; nab\u00f3r"},"content":{"rendered":"\n<figure class=\"wp-block-image size-full\"><img fetchpriority=\"high\" decoding=\"async\" width=\"1000\" height=\"92\" src=\"https:\/\/zstmalbork.pl\/wordpress\/wp-content\/uploads\/2024\/11\/pasek-logotypow-fep-21-27-poziomy-kolorowy.jpg\" alt=\"\" class=\"wp-image-6804\"\/><\/figure>\n\n\n\n<p><a><\/a> <strong>Zesp\u00f3\u0142 Szk\u00f3\u0142 Technicznych w Malborku<br>pl. Gabriela Narutowicza 14<br>82-200 Malbork<\/strong><\/p>\n\n\n\n<p>og\u0142asza nab\u00f3r dzieci i uczni\u00f3w do wsparcia kulturowo-spo\u0142ecznego w ramach projektu <strong>\u201eSie\u0107 wsparcia migrant\u00f3w w powiecie malborskim\u201d<\/strong> realizowanego ze \u015brodk\u00f3w Europejskiego Funduszu Spo\u0142ecznego Plus (EFS+) i Funduszy Europejskich dla Pomorza (FEP 2021-2027).<\/p>\n\n\n\n<figure class=\"wp-block-image size-full is-resized\"><img decoding=\"async\" width=\"839\" height=\"596\" src=\"https:\/\/zstmalbork.pl\/wordpress\/wp-content\/uploads\/2026\/05\/nabor1.jpg\" alt=\"\" class=\"wp-image-9410\" style=\"width:930px;height:auto\"\/><\/figure>\n\n\n\n<figure class=\"wp-block-image size-full is-resized\"><img decoding=\"async\" width=\"840\" height=\"595\" src=\"https:\/\/zstmalbork.pl\/wordpress\/wp-content\/uploads\/2026\/05\/nabor2.jpg\" alt=\"\" class=\"wp-image-9411\" style=\"width:930px;height:auto\"\/><\/figure>\n\n\n\n<p><strong>Kto mo\u017ce wzi\u0105\u0107 udzia\u0142?<\/strong><\/p>\n\n\n\n<p>Uczestnicy projektu (dzieci migranci):<\/p>\n\n\n\n<ul class=\"wp-block-list\">\n<li>Dzieci i uczniowie z legalnym pobytem w Polsce, nieposiadaj\u0105cy obywatelstwa UE, Norwegii, Islandii, Liechtensteinu i Szwajcarii ucz\u0105cy si\u0119 w Zespole Szk\u00f3\u0142 Technicznych w Malborku lub zamieszkuj\u0105cy na terenie: Miasto Malbork, Gmina Nowy Staw, Gmina Malbork, Gmina Stare Pole.<\/li>\n<\/ul>\n\n\n\n<p>Uczestnicy po\u015bredni (dzieci lokalne):<\/p>\n\n\n\n<ul class=\"wp-block-list\">\n<li>Dzieci i uczniowie, kt\u00f3rzy nie s\u0105 migrantami, a chc\u0105 wzi\u0105\u0107 udzia\u0142 w zaj\u0119ciach integracyjnych z grup\u0105 migrant\u00f3w.<\/li>\n<\/ul>\n\n\n\n<p><strong>Uwaga:<\/strong> ka\u017cda grupa warsztatowa mo\u017ce by\u0107 zorganizowana tylko wtedy, gdy co najmniej jedno dziecko b\u0119d\u0105ce uczestnikiem projektu (migrant) zostanie zakwalifikowane do udzia\u0142u w zaj\u0119ciach. Bez takiego uczestnika grupa nie mo\u017ce zosta\u0107 uruchomiona.<\/p>\n\n\n\n<p><strong>Formy wsparcia<\/strong><\/p>\n\n\n\n<ul class=\"wp-block-list\">\n<li>warsztaty integracyjno &#8211; artystyczne dla os\u00f3b z do\u015bwiadczeniem migracyjnym oraz spo\u0142eczno\u015bci lokalnej<\/li>\n<\/ul>\n\n\n\n<p><strong>Jak zg\u0142osi\u0107 dziecko?<\/strong><\/p>\n\n\n\n<p>Uczestnicy projektu (dzieci migranci):<\/p>\n\n\n\n<ul class=\"wp-block-list\">\n<li>Wype\u0142niony formularz zg\u0142oszeniowy (formularz formy wsparcia);<\/li>\n<\/ul>\n\n\n\n<p>Uczestnicy po\u015bredni (dzieci lokalne):<\/p>\n\n\n\n<ul class=\"wp-block-list\">\n<li>Deklaracja udzia\u0142u uczestnika po\u015bredniego.<\/li>\n<\/ul>\n\n\n\n<p>Formularze mo\u017cna pobra\u0107 i z\u0142o\u017cy\u0107 w gabinecie psychologa szkolnego (06) w Zespole Szk\u00f3\u0142 Technicznych w Malborku lub pobra\u0107 ze strony <a href=\"https:\/\/kultura.malbork.pl\/2026\/04\/14\/siec-wsparcia-migrantow-w-powiecie-malborskim\/\">MCKiE w Malborku<\/a><\/p>\n\n\n\n<p><strong>Termin naboru:<\/strong><\/p>\n\n\n\n<p>Nab\u00f3r prowadzony w trybie ci\u0105g\u0142ym, do wyczerpania miejsc.<\/p>\n\n\n\n<p>Oferta od 20.04.2026r do 26.06.2026 r.<\/p>\n\n\n\n<p><strong>Informacje i kontakt:<\/strong><\/p>\n\n\n\n<p>Tel.: 664378860<\/p>\n\n\n\n<p>E-mail: <a href=\"mailto:katarzyna.ciok@zstmalbork.pl\">katarzyna.ciok@zstmalbork.pl<\/a><\/p>\n\n\n\n<p>Udzia\u0142 w projekcie jest bezp\u0142atny. Liczba miejsc ograniczona. Decyduje kolejno\u015b\u0107 zg\u0142osze\u0144.<\/p>\n\n\n\n<p><\/p>\n","protected":false},"excerpt":{"rendered":"<p>Zesp\u00f3\u0142 Szk\u00f3\u0142 Technicznych w Malborkupl. Gabriela Narutowicza 1482-200 Malbork og\u0142asza nab\u00f3r dzieci i uczni\u00f3w do wsparcia kulturowo-spo\u0142ecznego w<\/p>\n","protected":false},"author":1,"featured_media":0,"parent":0,"menu_order":0,"comment_status":"closed","ping_status":"closed","template":"","meta":{"footnotes":""},"class_list":["post-9409","page","type-page","status-publish","hentry"],"_links":{"self":[{"href":"https:\/\/zstmalbork.pl\/wordpress\/wp-json\/wp\/v2\/pages\/9409","targetHints":{"allow":["GET"]}}],"collection":[{"href":"https:\/\/zstmalbork.pl\/wordpress\/wp-json\/wp\/v2\/pages"}],"about":[{"href":"https:\/\/zstmalbork.pl\/wordpress\/wp-json\/wp\/v2\/types\/page"}],"author":[{"embeddable":true,"href":"https:\/\/zstmalbork.pl\/wordpress\/wp-json\/wp\/v2\/users\/1"}],"replies":[{"embeddable":true,"href":"https:\/\/zstmalbork.pl\/wordpress\/wp-json\/wp\/v2\/comments?post=9409"}],"version-history":[{"count":1,"href":"https:\/\/zstmalbork.pl\/wordpress\/wp-json\/wp\/v2\/pages\/9409\/revisions"}],"predecessor-version":[{"id":9414,"href":"https:\/\/zstmalbork.pl\/wordpress\/wp-json\/wp\/v2\/pages\/9409\/revisions\/9414"}],"wp:attachment":[{"href":"https:\/\/zstmalbork.pl\/wordpress\/wp-json\/wp\/v2\/media?parent=9409"}],"curies":[{"name":"wp","href":"https:\/\/api.w.org\/{rel}","templated":true}]}}